{"id":55,"date":"2022-01-27T13:57:07","date_gmt":"2022-01-27T13:57:07","guid":{"rendered":"https:\/\/icebean.online\/chasec\/?page_id=55"},"modified":"2022-03-22T09:15:44","modified_gmt":"2022-03-22T09:15:44","slug":"book-requests","status":"publish","type":"page","link":"https:\/\/icebean.online\/chasec\/index.php\/book-requests\/","title":{"rendered":"Book requests"},"content":{"rendered":"\n<p class=\"has-text-align-right has-medium-font-size\"><em>Name it, you will get it!<\/em><\/p>\n\n\n\n<p><strong>Suggestions for addition to the collection<\/strong><br>Do you know of a great title which other students would like? Make your own purchase suggestions<strong> using the comments below<\/strong>,&nbsp; giving as many details as you know about the book you would like us to acquire. If you wish to be contacted once your suggestion is available for loan, don&#8217;t forget to tell us your name.<\/p>\n\n\n\n<p><strong>Recommandations&nbsp;d&#8217;achat<\/strong><br><em>Vous aimez un livre qui pourrait int\u00e9resser les autres \u00e9l\u00e8ves? Vous pouvez ici faire vos propres suggestions d&#8217;achat en <strong>utilisant la section commentaire<\/strong> ci-dessous. Donnez-nous&nbsp; le plus de d\u00e9tails possible sur l&#8217;ouvrage qui vous int\u00e9resse. Si vous souhaitez \u00eatre contact\u00e9 lorsqu&#8217;il sera disponible, n&#8217;oubliez pas de nous donner votre nom.<\/em><\/p>\n","protected":false},"excerpt":{"rendered":"<p>Name it, you will get it! Suggestions for addition to the collectionDo you know of&hellip; <a href=\"https:\/\/icebean.online\/chasec\/index.php\/book-requests\/\" class=\"more-link btn btn-link\">Read More&hellip; <span class=\"screen-reader-text\">Continue reading Book requests<\/span><\/a><\/p>\n","protected":false},"author":1,"featured_media":0,"parent":0,"menu_order":0,"comment_status":"open","ping_status":"closed","template":"","meta":{"footnotes":""},"class_list":["post-55","page","type-page","status-publish","hentry"],"_links":{"self":[{"href":"https:\/\/icebean.online\/chasec\/index.php\/wp-json\/wp\/v2\/pages\/55","targetHints":{"allow":["GET"]}}],"collection":[{"href":"https:\/\/icebean.online\/chasec\/index.php\/wp-json\/wp\/v2\/pages"}],"about":[{"href":"https:\/\/icebean.online\/chasec\/index.php\/wp-json\/wp\/v2\/types\/page"}],"author":[{"embeddable":true,"href":"https:\/\/icebean.online\/chasec\/index.php\/wp-json\/wp\/v2\/users\/1"}],"replies":[{"embeddable":true,"href":"https:\/\/icebean.online\/chasec\/index.php\/wp-json\/wp\/v2\/comments?post=55"}],"version-history":[{"count":2,"href":"https:\/\/icebean.online\/chasec\/index.php\/wp-json\/wp\/v2\/pages\/55\/revisions"}],"predecessor-version":[{"id":80,"href":"https:\/\/icebean.online\/chasec\/index.php\/wp-json\/wp\/v2\/pages\/55\/revisions\/80"}],"wp:attachment":[{"href":"https:\/\/icebean.online\/chasec\/index.php\/wp-json\/wp\/v2\/media?parent=55"}],"curies":[{"name":"wp","href":"https:\/\/api.w.org\/{rel}","templated":true}]}}