{"id":45,"date":"2022-10-06T13:32:28","date_gmt":"2022-10-06T13:32:28","guid":{"rendered":"https:\/\/icebean.online\/chasec\/?page_id=45"},"modified":"2025-05-27T14:41:47","modified_gmt":"2025-05-27T14:41:47","slug":"reading-lists-listes-de-lecture-bibliographies","status":"publish","type":"page","link":"https:\/\/icebean.online\/chasec\/index.php\/reading-lists-listes-de-lecture-bibliographies\/","title":{"rendered":"Reading lists \/ Listes de lecture &#038; bibliographies"},"content":{"rendered":"\n<p>Click the list of your choice. Our reading lists and bibliographies are provided by our library catalogue, meaning that they are dynamic and continuously updated. In particular, you can immediately see if the item you&#8217;re interested in is available.<\/p>\n\n\n\n<p><em>Cliquez sur la liste de votre choix. Nos bibliographies et listes de lecture sont fournies directement par le catalogue de la biblioth\u00e8que, ce qui signifie qu&#8217;elles sont \u00e0 la fois dynamiques et mises \u00e0 jour en m\u00eame temps que celui-ci. En particulier, vous pouvez instantan\u00e9ment v\u00e9rifier la disponibilit\u00e9 du ou des ouvrages que vous recherchez.<\/em><\/p>\n\n\n\n<h2 class=\"wp-block-heading\">Fiction Finder<\/h2>\n\n\n\n<p>The <a href=\"https:\/\/icebean.online\/fifinder\/\">fiction finder <\/a>is an online tool that allows students, teachers and parents to browse library books by genre and age level (7-9, 9-13, Adults).<\/p>\n\n\n\n<h2 class=\"wp-block-heading\" id=\"age-appropriate-reading-lists-listes-de-lecture-par-niveau-d-age\">Age appropriate reading lists \/Listes de lecture par niveau d&#8217;\u00e2ge<\/h2>\n\n\n\n<p>Both fiction and non-fiction (sorted, non-fiction first) \/ <em>A la fois romans et documentaires:<\/em><\/p>\n\n\n\n<figure class=\"wp-block-table\"><table><tbody><tr><td>in English<\/td><td>en fran\u00e7ais<\/td><\/tr><tr><td><a href=\"https:\/\/ecolint.mlasolutions.com\/m5\/catalog\/?installation=CHASEC&amp;urlcommand=search&amp;databases=0000000109&amp;query1=CHSEBIBLIST7&amp;query2=&amp;query3=&amp;attr1=1035&amp;attr2=0000&amp;attr3=0000&amp;op1=&amp;op2=&amp;media=&amp;0000000109=\">Year 7<\/a><\/td><td><a href=\"https:\/\/ecolint.mlasolutions.com\/m5\/catalog\/?installation=CHASEC&amp;urlcommand=search&amp;databases=0000000109&amp;query1=CHSEBIBLISTE7&amp;query2=&amp;query3=&amp;attr1=1035&amp;attr2=0000&amp;attr3=0000&amp;op1=&amp;op2=&amp;media=&amp;0000000109=\">Niveau 7<\/a><\/td><\/tr><tr><td><a href=\"https:\/\/ecolint.mlasolutions.com\/m5\/catalog\/?installation=CHASEC&amp;urlcommand=search&amp;databases=0000000109&amp;query1=CHSEBIBLIST8&amp;query2=&amp;query3=&amp;attr1=1035&amp;attr2=0000&amp;attr3=0000&amp;op1=&amp;op2=&amp;media=&amp;0000000109=\">Year 8<\/a><\/td><td><a href=\"https:\/\/ecolint.mlasolutions.com\/m5\/catalog\/?installation=CHASEC&amp;urlcommand=search&amp;databases=0000000109&amp;query1=CHSEBIBLISTE8&amp;query2=&amp;query3=&amp;attr1=1035&amp;attr2=0000&amp;attr3=0000&amp;op1=&amp;op2=&amp;media=&amp;0000000109=\">Niveau 8<\/a><\/td><\/tr><tr><td><a href=\"https:\/\/ecolint.mlasolutions.com\/m5\/catalog\/?installation=CHASEC&amp;urlcommand=search&amp;databases=0000000109&amp;query1=CHSEBIBLIST9&amp;query2=&amp;query3=&amp;attr1=1035&amp;attr2=0000&amp;attr3=0000&amp;op1=&amp;op2=&amp;media=&amp;0000000109=\">Year 9<\/a><\/td><td><a href=\"https:\/\/ecolint.mlasolutions.com\/m5\/catalog\/?installation=CHASEC&amp;urlcommand=search&amp;databases=0000000109&amp;query1=CHSEBIBLISTE9&amp;query2=&amp;query3=&amp;attr1=1035&amp;attr2=0000&amp;attr3=0000&amp;op1=&amp;op2=&amp;media=&amp;0000000109=\">Niveau 9<\/a><\/td><\/tr><tr><td><a href=\"https:\/\/ecolint.mlasolutions.com\/m5\/catalog\/?installation=CHASEC&amp;urlcommand=search&amp;databases=0000000109&amp;query1=CHSEBIBLIST10&amp;query2=&amp;query3=&amp;attr1=1035&amp;attr2=0000&amp;attr3=0000&amp;op1=&amp;op2=&amp;media=&amp;0000000109=\">Year 10<\/a><\/td><td><a href=\"https:\/\/ecolint.mlasolutions.com\/m5\/catalog\/?installation=CHASEC&amp;urlcommand=search&amp;databases=0000000109&amp;query1=CHSEBIBLISTE10&amp;query2=&amp;query3=&amp;attr1=1035&amp;attr2=0000&amp;attr3=0000&amp;op1=&amp;op2=&amp;media=&amp;0000000109=\">Niveau 10<\/a><\/td><\/tr><tr><td><a href=\"https:\/\/ecolint.mlasolutions.com\/m5\/catalog\/?installation=CHASEC&amp;urlcommand=search&amp;databases=0000000109&amp;query1=CHSEBIBLIST11&amp;query2=&amp;query3=&amp;attr1=1035&amp;attr2=0000&amp;attr3=0000&amp;op1=&amp;op2=&amp;media=&amp;0000000109=\">Year 11<\/a><\/td><td><a href=\"https:\/\/ecolint.mlasolutions.com\/m5\/catalog\/?installation=CHASEC&amp;urlcommand=search&amp;databases=0000000109&amp;query1=CHSEBIBLISTE11&amp;query2=&amp;query3=&amp;attr1=1035&amp;attr2=0000&amp;attr3=0000&amp;op1=&amp;op2=&amp;media=&amp;0000000109=\">Niveau 11<\/a><\/td><\/tr><tr><td><a href=\"https:\/\/ecolint.mlasolutions.com\/m5\/catalog\/?installation=CHASEC&amp;urlcommand=search&amp;databases=0000000109&amp;query1=CHSEBIBLIST1213&amp;query2=&amp;query3=&amp;attr1=1035&amp;attr2=0000&amp;attr3=0000&amp;op1=&amp;op2=&amp;media=&amp;0000000109=\">Year 12\/13<\/a><\/td><td><a href=\"https:\/\/ecolint.mlasolutions.com\/m5\/catalog\/?installation=CHASEC&amp;urlcommand=search&amp;databases=0000000109&amp;query1=CHSEBIBLISTE1213&amp;query2=&amp;query3=&amp;attr1=1035&amp;attr2=0000&amp;attr3=0000&amp;op1=&amp;op2=&amp;media=&amp;0000000109=\">Niveau 12\/13<\/a><\/td><\/tr><\/tbody><\/table><\/figure>\n\n\n\n<h2 class=\"wp-block-heading\" id=\"diversity-reading-lists\">Diversity reading lists<\/h2>\n\n\n\n<p><em><strong>LGBTQIA+<\/strong><\/em><\/p>\n\n\n\n<p><a href=\"https:\/\/ecolint.mlasolutions.com\/m5\/catalog\/?installation=CHASEC&amp;urlcommand=search&amp;query1=CHSEBIBLGBT&amp;attr1=1035&amp;op1=0000000002&amp;databases=0000000109\">Fiction\/Romans<\/a><br><a href=\"https:\/\/ecolint.mlasolutions.com\/m5\/catalog\/?installation=CHASEC&amp;urlcommand=search&amp;query1=chsebiblgbtgn&amp;attr1=1035&amp;op1=0000000002&amp;databases=0000000109\">Graphic novels\/Bandes dessin\u00e9es<\/a><\/p>\n\n\n\n<p><em><strong>Ethnic diversity \/ Diversit\u00e9 ethnique<\/strong><\/em><\/p>\n\n\n\n<p><a href=\"https:\/\/ecolint.mlasolutions.com\/m5\/catalog\/?installation=CHASEC&amp;urlcommand=search&amp;query1=CHSEBIBNONCAU&amp;attr1=1035&amp;op1=0000000002&amp;databases=0000000109\">Fiction\/Romans<\/a><br><a href=\"https:\/\/ecolint.mlasolutions.com\/m5\/catalog\/?installation=CHASEC&amp;urlcommand=search&amp;query1=chsebibnoncaugn&amp;attr1=1035&amp;op1=0000000002&amp;databases=0000000109\">Fiction in graphic novels\/Bandes dessin\u00e9es de fiction<\/a><br><a href=\"https:\/\/ecolint.mlasolutions.com\/m5\/catalog\/?installation=CHASEC&amp;urlcommand=search&amp;query1=chsebibracism&amp;attr1=1035&amp;op1=0000000002&amp;databases=0000000109\">Non-fiction\/Documentaires<\/a><br><a href=\"https:\/\/ecolint.mlasolutions.com\/m5\/catalog\/?installation=CHASEC&amp;urlcommand=search&amp;query1=chsebibracismgn&amp;attr1=1035&amp;op1=0000000002&amp;databases=0000000109\">Non-fiction graphic novels\/Documentaires en bandes dessin\u00e9es<\/a><\/p>\n\n\n\n<p><em><strong>Feminism and women&#8217;s rights \/ F\u00e9minisme et droits des femmes<\/strong><\/em><\/p>\n\n\n\n<p><a href=\"https:\/\/ecolint.mlasolutions.com\/m5\/catalog\/?installation=CHASEC&amp;urlcommand=search&amp;query1=CHSEBIBFEMINISM&amp;attr1=1035&amp;op1=0000000002&amp;databases=0000000109\">Fiction and non-fiction\/Romans et documentaires<\/a><br><a href=\"https:\/\/ecolint.mlasolutions.com\/m5\/catalog\/?installation=CHASEC&amp;urlcommand=search&amp;query1=chsebibfeminismgn&amp;attr1=1035&amp;op1=0000000002&amp;databases=0000000109\">Graphic novels\/Bandes dessin\u00e9es<\/a><\/p>\n\n\n\n<p><em><strong>Strong female characters \/ Personnages f\u00e9minin puissants<\/strong><\/em><\/p>\n\n\n\n<p><a href=\"https:\/\/ecolint.mlasolutions.com\/m5\/catalog\/?installation=CHASEC&amp;urlcommand=search&amp;query1=CHSEBIBSTRONGFEMALE&amp;attr1=1035&amp;op1=0000000002&amp;databases=0000000109\">Fiction and non-fiction\/Romans et documentaires<\/a><br><a href=\"https:\/\/ecolint.mlasolutions.com\/m5\/catalog\/?installation=CHASEC&amp;urlcommand=search&amp;query1=chsebibstrongfemalegn&amp;attr1=1035&amp;op1=0000000002&amp;databases=0000000109\">Graphic novels\/Bandes dessin\u00e9es<\/a><\/p>\n\n\n\n<p><em><strong>Emigration and immigration, refugees \/ \u00c9migration et immigration, r\u00e9fugi\u00e9s<\/strong><\/em><\/p>\n\n\n\n<p><a href=\"https:\/\/ecolint.mlasolutions.com\/m5\/catalog\/?installation=CHASEC&amp;urlcommand=search&amp;query1=CHSEBIBREFUGEES&amp;attr1=1035&amp;op1=0000000002&amp;databases=0000000109\">Fiction and non-fiction\/Romans et documentaires<\/a><br><a href=\"https:\/\/ecolint.mlasolutions.com\/m5\/catalog\/?installation=CHASEC&amp;urlcommand=search&amp;query1=chsebibrefugeesgn&amp;attr1=1035&amp;op1=0000000002&amp;databases=0000000109\">Graphic novels\/Bandes dessin\u00e9es<\/a><\/p>\n\n\n\n<p><em><strong>Person with disabilities \/ Personnes handicap\u00e9es<\/strong><\/em><\/p>\n\n\n\n<p><a href=\"https:\/\/ecolint.mlasolutions.com\/m5\/catalog\/?installation=CHASEC&amp;urlcommand=search&amp;query1=chsebibdisability&amp;attr1=1035&amp;op1=0000000002&amp;databases=0000000109\">Fiction and non-fiction\/Romans et documentaires<\/a><br><a href=\"https:\/\/ecolint.mlasolutions.com\/m5\/catalog\/?installation=CHASEC&amp;urlcommand=search&amp;query1=chsebibdisabilitygn&amp;attr1=1035&amp;op1=0000000002&amp;databases=0000000109\">Graphic novels\/Bandes dessin\u00e9es<\/a><\/p>\n\n\n\n<h2 class=\"wp-block-heading\" id=\"topical-reading-lists-listes-par-theme\">Topical reading lists \/ Listes par th\u00e8me<\/h2>\n\n\n\n<p><a href=\"https:\/\/ecolint.mlasolutions.com\/m5\/catalog\/?installation=CHASEC&amp;urlcommand=search&amp;databases=0000000109&amp;query1=CHSEBIBBOOKTOFILM&amp;query2=&amp;query3=&amp;attr1=0000&amp;attr2=0000&amp;attr3=0000\">250+ Books adapted to films, all years \/ Livres adapt\u00e9s en film, tous niveaux<\/a><\/p>\n\n\n\n<p><a href=\"https:\/\/ecolint.mlasolutions.com\/m5\/catalog\/?installation=CHASEC&amp;urlcommand=search&amp;databases=0000000109&amp;query1=CHSEBIBROMANREVOLUTION&amp;query2=&amp;query3=&amp;attr1=0000&amp;attr2=0000&amp;attr3=0000\">Roman historiques sur la R\u00e9volution Fran\u00e7aise et le Ier Empire<\/a>, lectures faciles<\/p>\n\n\n\n<p><a href=\"https:\/\/ecolint.mlasolutions.com\/m5\/catalog\/?installation=CHASEC&amp;urlcommand=search&amp;databases=0000000109&amp;query1=chsebibdyslexic&amp;query2=&amp;query3=&amp;attr1=1035&amp;attr2=0004&amp;attr3=1003&amp;op1=0000000001&amp;op2=0000000001&amp;media=&amp;0000000109=\">Dyslexia friendly novels<\/a>, all years<\/p>\n\n\n\n<p><a href=\"https:\/\/ecolint.mlasolutions.com\/m5\/catalog\/?installation=CHASEC&amp;urlcommand=search&amp;query1=CHSEBIBPARENTS&amp;attr1=1035&amp;marcattr1=&amp;marcattr2=&amp;marcattr3=&amp;op1=0000000002&amp;databases=0000000109\">For parents \/ Pour les parents<\/a><\/p>\n\n\n\n<p><a href=\"https:\/\/ecolint.mlasolutions.com\/m5\/catalog\/?installation=CHASEC&amp;urlcommand=search&amp;databases=0000000109&amp;query1=CHSEBIBRPOL&amp;query2=&amp;query3=&amp;attr1=1035&amp;attr2=0000&amp;attr3=0000&amp;op1=&amp;op2=&amp;media=&amp;0000000109=\">Romans policiers en fran\u00e7ais, tous niveaux<\/a><\/p>\n\n\n\n<p><a href=\"https:\/\/ecolint.mlasolutions.com\/m5\/catalog\/?installation=CHASEC&amp;urlcommand=search&amp;databases=0000000109&amp;query1=CHSEBIBMEDIAS&amp;query2=&amp;query3=&amp;attr1=1035&amp;attr2=0000&amp;attr3=0000\">Lectures autour des m\u00e9dias et du num\u00e9rique, romans et documentaires<\/a><\/p>\n\n\n\n<h2 class=\"wp-block-heading\" id=\"bibliographies\">Bibliographies<\/h2>\n\n\n\n<h3 class=\"wp-block-heading\" id=\"history-for-year-7-to-9-students\">History for year 7 to 9 students<\/h3>\n\n\n\n<p><strong><em>Ancient Egypt<br><\/em><\/strong><a href=\"https:\/\/ecolint.mlasolutions.com\/m5\/catalog\/?installation=CHASEC&amp;urlcommand=search&amp;databases=0000000109&amp;query1=chsebibhistory7e&amp;query2=&amp;query3=&amp;attr1=1035&amp;attr2=0000&amp;attr3=0000&amp;op1=&amp;op2=&amp;media=&amp;lexile=NULL:None&amp;0000000109=\">Fiction<\/a> \/<a href=\"https:\/\/ecolint.mlasolutions.com\/m5\/catalog\/?installation=CHASEC&amp;urlcommand=search&amp;databases=0000000109&amp;query1=chsebibhistory7er&amp;query2=&amp;query3=&amp;attr1=1035&amp;attr2=0004&amp;attr3=1003&amp;op1=0000000001&amp;op2=0000000001&amp;media=&amp;lexile=NULL:None&amp;0000000109=\"> Romans<\/a> \/<a href=\"https:\/\/ecolint.mlasolutions.com\/m5\/catalog\/?installation=CHASEC&amp;urlcommand=search&amp;databases=0000000109&amp;query1=398%2020932&amp;query2=&amp;query3=&amp;attr1=0053&amp;attr2=0004&amp;attr3=1003&amp;op1=0000000001&amp;op2=0000000001&amp;media=&amp;lexile=NULL:None&amp;0000000109=\"> Mythology, Mythologie<\/a> \/<a href=\"https:\/\/ecolint.mlasolutions.com\/m5\/catalog\/?installation=CHASEC&amp;urlcommand=search&amp;databases=0000000109&amp;query1=CHSEBIBHISTORY7NFE&amp;query2=&amp;query3=&amp;attr1=1035&amp;attr2=0004&amp;attr3=1003&amp;op1=0000000001&amp;op2=0000000001&amp;media=&amp;lexile=NULL:None&amp;0000000109=\"> History books<\/a><\/p>\n\n\n\n<p><strong><em>Ancient Greece<br><\/em><\/strong><a href=\"https:\/\/ecolint.mlasolutions.com\/m5\/catalog\/?installation=CHASEC&amp;urlcommand=search&amp;databases=0000000109&amp;query1=CHSEBIBHISTORY7G&amp;query2=&amp;query3=&amp;attr1=1035&amp;attr2=0004&amp;attr3=1003&amp;op1=0000000001&amp;op2=0000000001&amp;media=&amp;lexile=NULL:None&amp;0000000109=\">Fiction<\/a> \/<a href=\"https:\/\/ecolint.mlasolutions.com\/m5\/catalog\/?installation=CHASEC&amp;urlcommand=search&amp;databases=0000000109&amp;query1=CHSEBIBHISTORY7GR&amp;query2=&amp;query3=&amp;attr1=1035&amp;attr2=0004&amp;attr3=1003&amp;op1=0000000001&amp;op2=0000000001&amp;media=&amp;lexile=NULL:None&amp;0000000109=\"> Romans<\/a> \/<a href=\"https:\/\/ecolint.mlasolutions.com\/m5\/catalog\/?installation=CHASEC&amp;urlcommand=search&amp;databases=0000000109&amp;query1=398%2020938&amp;query2=&amp;query3=&amp;attr1=0053&amp;attr2=0004&amp;attr3=1003&amp;op1=0000000001&amp;op2=0000000001&amp;media=&amp;lexile=NULL:None&amp;0000000109=\"> Mythology, Mythologie<\/a> \/<a href=\"https:\/\/ecolint.mlasolutions.com\/m5\/catalog\/?installation=CHASEC&amp;urlcommand=search&amp;databases=0000000109&amp;query1=chsebibhistory7nfg&amp;query2=&amp;query3=&amp;attr1=1035&amp;attr2=0004&amp;attr3=1003&amp;op1=0000000001&amp;op2=0000000001&amp;media=&amp;lexile=NULL:None&amp;0000000109=\"> History books<\/a><\/p>\n\n\n\n<p><strong><em>Ancient Rome<br><\/em><\/strong><a href=\"https:\/\/ecolint.mlasolutions.com\/m5\/catalog\/?installation=CHASEC&amp;urlcommand=search&amp;databases=0000000109&amp;query1=chsebibhistory7r&amp;query2=&amp;query3=&amp;attr1=1035&amp;attr2=0004&amp;attr3=1003&amp;op1=0000000001&amp;op2=0000000001&amp;media=&amp;lexile=NULL:None&amp;0000000109=\">Fiction<\/a> \/<a href=\"https:\/\/ecolint.mlasolutions.com\/m5\/catalog\/?installation=CHASEC&amp;urlcommand=search&amp;databases=0000000109&amp;query1=chsebibhistory7rr&amp;query2=&amp;query3=&amp;attr1=1035&amp;attr2=0004&amp;attr3=1003&amp;op1=0000000001&amp;op2=0000000001&amp;media=&amp;lexile=NULL:None&amp;0000000109=\"> Romans<\/a> \/<a href=\"https:\/\/ecolint.mlasolutions.com\/m5\/catalog\/?installation=CHASEC&amp;urlcommand=search&amp;databases=0000000109&amp;query1=398%2020937&amp;query2=&amp;query3=&amp;attr1=0053&amp;attr2=0004&amp;attr3=1003&amp;op1=0000000001&amp;op2=0000000001&amp;media=&amp;lexile=NULL:None&amp;0000000109=\"> Mythology, Mythologie<\/a> \/<a href=\"https:\/\/ecolint.mlasolutions.com\/m5\/catalog\/?installation=CHASEC&amp;urlcommand=search&amp;databases=0000000109&amp;query1=chsebibhistory7NFR&amp;query2=&amp;query3=&amp;attr1=1035&amp;attr2=0004&amp;attr3=1003&amp;op1=0000000001&amp;op2=0000000001&amp;media=&amp;lexile=NULL:None&amp;0000000109=\"> History books<\/a><\/p>\n\n\n\n<p><strong><em>China<br><\/em><\/strong><a href=\"https:\/\/ecolint.mlasolutions.com\/m5\/catalog\/?installation=CHASEC&amp;urlcommand=search&amp;databases=0000000109&amp;query1=CHSEBIBHISTORY7NFC&amp;query2=&amp;query3=&amp;attr1=1035&amp;attr2=0004&amp;attr3=1003&amp;op1=0000000001&amp;op2=0000000001&amp;media=&amp;lexile=NULL:None&amp;0000000109=\">History books<\/a><\/p>\n\n\n\n<p><strong><em>Middle Ages<br><\/em><\/strong><a href=\"https:\/\/ecolint.mlasolutions.com\/m5\/catalog\/?installation=CHASEC&amp;urlcommand=search&amp;databases=0000000109&amp;query1=CHSEBIBHISTORY8M&amp;query2=&amp;query3=&amp;attr1=1035&amp;attr2=0004&amp;attr3=1003&amp;op1=0000000001&amp;op2=0000000001&amp;media=&amp;lexile=NULL:None&amp;0000000109=\">Fiction<\/a> \/ <a href=\"https:\/\/ecolint.mlasolutions.com\/m5\/catalog\/?installation=CHASEC&amp;urlcommand=search&amp;databases=0000000109&amp;query1=CHSEBIBHISTORY8MR&amp;query2=&amp;query3=&amp;attr1=1035&amp;attr2=0004&amp;attr3=1003&amp;op1=0000000001&amp;op2=0000000001&amp;media=&amp;lexile=NULL:None&amp;0000000109=\">Romans<\/a> \/ <a href=\"https:\/\/ecolint.mlasolutions.com\/m5\/catalog\/?installation=CHASEC&amp;urlcommand=search&amp;databases=0000000109&amp;query1=398%2020942&amp;query2=&amp;query3=&amp;attr1=0053&amp;attr2=0004&amp;attr3=1003&amp;op1=0000000001&amp;op2=0000000001&amp;media=&amp;lexile=NULL:None&amp;0000000109=\">Arthurian legends<\/a> \/ <a href=\"https:\/\/ecolint.mlasolutions.com\/m5\/catalog\/?installation=CHASEC&amp;urlcommand=search&amp;databases=0000000109&amp;query1=CHSEBIBHISTORY8NFM&amp;query2=&amp;query3=&amp;attr1=1035&amp;attr2=0004&amp;attr3=1003&amp;op1=0000000001&amp;op2=0000000001&amp;media=&amp;lexile=NULL:None&amp;0000000109=\">History books<\/a><\/p>\n\n\n\n<p><em><strong>Pre Columbian civilisations (Aztec, Maya, Inca)<br><\/strong><\/em><a href=\"https:\/\/ecolint.mlasolutions.com\/m5\/catalog\/?installation=CHASEC&amp;urlcommand=search&amp;databases=0000000109&amp;query1=chsebibhistory8precolumbians&amp;query2=&amp;query3=&amp;attr1=1035&amp;attr2=0000&amp;attr3=0000&amp;op1=&amp;op2=&amp;media=&amp;lexile=NULL:None&amp;0000000109=\">History books<\/a><\/p>\n\n\n\n<h3 class=\"wp-block-heading\" id=\"humanities-for-senior-students\">Humanities for senior students<\/h3>\n\n\n\n<p><a href=\"https:\/\/ecolint.mlasolutions.com\/m5\/catalog\/?installation=CHASEC&amp;urlcommand=search&amp;databases=0000000109&amp;query1=CHSEBIBECON&amp;query2=&amp;query3=&amp;attr1=1035&amp;attr2=0004&amp;attr3=1003&amp;op1=0000000001&amp;op2=0000000001\">Economics<\/a><\/p>\n\n\n\n<p><a href=\"https:\/\/ecolint.mlasolutions.com\/m5\/catalog\/?installation=CHASEC&amp;urlcommand=search&amp;databases=0000000109&amp;query1=CHSEBIBGEO&amp;query2=&amp;query3=&amp;attr1=1035&amp;attr2=0004&amp;attr3=1003&amp;op1=0000000001&amp;op2=0000000001\">Geography<\/a><\/p>\n\n\n\n<p><a href=\"https:\/\/ecolint.mlasolutions.com\/m5\/catalog\/?installation=CHASEC&amp;urlcommand=search&amp;query1=CHSEBIBBUSINESS&amp;attr1=1035&amp;marcattr1=&amp;marcattr2=&amp;marcattr3=&amp;op1=0000000002&amp;databases=0000000109\" data-type=\"link\" data-id=\"https:\/\/ecolint.mlasolutions.com\/m5\/catalog\/?installation=CHASEC&amp;urlcommand=search&amp;query1=CHSEBIBBUSINESS&amp;attr1=1035&amp;marcattr1=&amp;marcattr2=&amp;marcattr3=&amp;op1=0000000002&amp;databases=0000000109\">Business and Management<\/a><\/p>\n\n\n\n<p><a href=\"https:\/\/ecolint.mlasolutions.com\/m5\/catalog\/?installation=CHASEC&amp;urlcommand=search&amp;databases=0000000109&amp;query1=chsebibhistory1011&amp;query2=&amp;query3=&amp;attr1=1035&amp;attr2=0004&amp;attr3=1003&amp;op1=0000000001&amp;op2=0000000001&amp;media=&amp;lexile=NULL:None&amp;0000000109=\">History for years 10 and 11<\/a><\/p>\n\n\n\n<h3 class=\"wp-block-heading\" id=\"maturite-federale-liste-d-oeuvres-pour-le-francais-valable-des-2015\">Maturit\u00e9 F\u00e9d\u00e9rale: liste d&#8217;oeuvres pour le fran\u00e7ais (valable d\u00e8s 2015)<\/h3>\n\n\n\n<p><a href=\"https:\/\/ecolint.mlasolutions.com\/m5\/catalog\/?installation=CHASEC&amp;urlcommand=search&amp;databases=0000000109&amp;query1=CHSEBIBLISTEMATU2015&amp;query2=&amp;query3=&amp;attr1=0000\">Ouvrages disponibles \u00e0 la biblioth\u00e8que<\/a><\/p>\n\n\n\n<h3 class=\"wp-block-heading\" id=\"romans-ayant-recu-un-prix-litteraire\">Romans ayant re\u00e7u un prix litt\u00e9raire<\/h3>\n\n\n\n<p><a href=\"https:\/\/ecolint.mlasolutions.com\/m5\/catalog\/?installation=CHASEC&amp;urlcommand=search&amp;query1=CHSEBIBPRIXLITT&amp;attr1=1035&amp;marcattr1=&amp;marcattr2=&amp;marcattr3=&amp;op1=0000000002&amp;databases=0000000109\">Tous les prix litt\u00e9raires<\/a><\/p>\n\n\n\n<p><a href=\"https:\/\/ecolint.mlasolutions.com\/m5\/catalog\/?installation=CHASEC&amp;urlcommand=search&amp;query1=CHSEBIBGONCOURT&amp;attr1=1035&amp;marcattr1=&amp;marcattr2=&amp;marcattr3=&amp;op1=0000000002&amp;databases=0000000109\">Prix Goncourt<br><\/a><a href=\"https:\/\/ecolint.mlasolutions.com\/m5\/catalog\/?installation=CHASEC&amp;urlcommand=search&amp;query1=CHSEBIBGONCOURTLYC&amp;attr1=1035&amp;marcattr1=&amp;marcattr2=&amp;marcattr3=&amp;op1=0000000002&amp;databases=0000000109\">Prix Goncourt des lyc\u00e9ens<br><\/a><a href=\"https:\/\/ecolint.mlasolutions.com\/m5\/catalog\/?installation=CHASEC&amp;urlcommand=search&amp;query1=CHSEBIBRENAUDOT&amp;attr1=1035&amp;marcattr1=&amp;marcattr2=&amp;marcattr3=&amp;op1=0000000002&amp;databases=0000000109\">Prix Renaudot<br><\/a><a href=\"https:\/\/ecolint.mlasolutions.com\/m5\/catalog\/?installation=CHASEC&amp;urlcommand=search&amp;query1=CHSEBIBRENAUDOTLYC&amp;attr1=1035&amp;marcattr1=&amp;marcattr2=&amp;marcattr3=&amp;op1=0000000002&amp;databases=0000000109\">Prix Renaudot des lyc\u00e9ens<br><\/a><a href=\"https:\/\/ecolint.mlasolutions.com\/m5\/catalog\/?installation=CHASEC&amp;urlcommand=search&amp;query1=CHSEBIBROMANACFR&amp;attr1=1035&amp;marcattr1=&amp;marcattr2=&amp;marcattr3=&amp;op1=0000000002&amp;databases=0000000109\">Grand prix du roman de l&#8217;Acad\u00e9mie fran\u00e7aise<\/a><br><a href=\"https:\/\/ecolint.mlasolutions.com\/m5\/catalog\/?installation=CHASEC&amp;urlcommand=search&amp;query1=CHSEBIBINTERALLIE&amp;attr1=1035&amp;marcattr1=&amp;marcattr2=&amp;marcattr3=&amp;op1=0000000002&amp;databases=0000000109\">Prix Interalli\u00e9<\/a><br><a href=\"https:\/\/ecolint.mlasolutions.com\/m5\/catalog\/?installation=CHASEC&amp;urlcommand=search&amp;query1=CHSEBIBMEDICIS&amp;attr1=1035&amp;marcattr1=&amp;marcattr2=&amp;marcattr3=&amp;op1=0000000002&amp;databases=0000000109\">Prix M\u00e9dicis<\/a><br><a href=\"https:\/\/ecolint.mlasolutions.com\/m5\/catalog\/?installation=CHASEC&amp;urlcommand=search&amp;query1=CHSEBIBROMANDS&amp;attr1=1035&amp;marcattr1=&amp;marcattr2=&amp;marcattr3=&amp;op1=0000000002&amp;databases=0000000109\">Roman des romands<\/a><\/p>\n\n\n\n<p><em>(20210927)<\/em><\/p>\n","protected":false},"excerpt":{"rendered":"<p>Click the list of your choice. Our reading lists and bibliographies are provided by our&hellip; <a href=\"https:\/\/icebean.online\/chasec\/index.php\/reading-lists-listes-de-lecture-bibliographies\/\" class=\"more-link btn btn-link\">Read More&hellip; <span class=\"screen-reader-text\">Continue reading Reading lists \/ Listes de lecture &#038; bibliographies<\/span><\/a><\/p>\n","protected":false},"author":2,"featured_media":0,"parent":0,"menu_order":0,"comment_status":"closed","ping_status":"closed","template":"","meta":{"footnotes":""},"class_list":["post-45","page","type-page","status-publish","hentry"],"_links":{"self":[{"href":"https:\/\/icebean.online\/chasec\/index.php\/wp-json\/wp\/v2\/pages\/45","targetHints":{"allow":["GET"]}}],"collection":[{"href":"https:\/\/icebean.online\/chasec\/index.php\/wp-json\/wp\/v2\/pages"}],"about":[{"href":"https:\/\/icebean.online\/chasec\/index.php\/wp-json\/wp\/v2\/types\/page"}],"author":[{"embeddable":true,"href":"https:\/\/icebean.online\/chasec\/index.php\/wp-json\/wp\/v2\/users\/2"}],"replies":[{"embeddable":true,"href":"https:\/\/icebean.online\/chasec\/index.php\/wp-json\/wp\/v2\/comments?post=45"}],"version-history":[{"count":8,"href":"https:\/\/icebean.online\/chasec\/index.php\/wp-json\/wp\/v2\/pages\/45\/revisions"}],"predecessor-version":[{"id":1167,"href":"https:\/\/icebean.online\/chasec\/index.php\/wp-json\/wp\/v2\/pages\/45\/revisions\/1167"}],"wp:attachment":[{"href":"https:\/\/icebean.online\/chasec\/index.php\/wp-json\/wp\/v2\/media?parent=45"}],"curies":[{"name":"wp","href":"https:\/\/api.w.org\/{rel}","templated":true}]}}